{"id":578,"date":"2018-08-13T12:17:50","date_gmt":"2018-08-13T10:17:50","guid":{"rendered":"http:\/\/wigaming.net\/demos\/epega1\/?page_id=578"},"modified":"2023-09-15T16:01:52","modified_gmt":"2023-09-15T14:01:52","slug":"candidature_spontanee","status":"publish","type":"page","link":"https:\/\/backup.epega.ma\/en-11\/candidature_spontanee\/","title":{"rendered":"SPONTANEOUS APPLICATION"},"content":{"rendered":"<div class=\"vc_row wpb_row vc_row-fluid vc_custom_1527690588959 vc_row-has-fill\"><div class=\"wpb_column vc_column_container vc_col-sm-12\"><div class=\"vc_column-inner\"><div class=\"wpb_wrapper\"><div class=\"vc_empty_space\"   style=\"height: 4em\" ><span class=\"vc_empty_space_inner\"><\/span><\/div>\n\n\t<div class=\"wpb_text_column wpb_content_element\" >\n\t\t<div class=\"wpb_wrapper\">\n\t\t\t<h5>EPEGA is always looking for new talent: a first or confirmed job in your field, you are considering joining our teams.<\/h5>\n\n\t\t<\/div>\n\t<\/div>\n<div class=\"vc_empty_space\"   style=\"height: 4em\" ><span class=\"vc_empty_space_inner\"><\/span><\/div>\n\n\t<div class=\"wpb_text_column wpb_content_element\" >\n\t\t<div class=\"wpb_wrapper\">\n\t\t\t\n<div class=\"wpcf7 no-js\" id=\"wpcf7-f882-o1\" lang=\"fr-FR\" dir=\"ltr\">\n<div class=\"screen-reader-response\"><p role=\"status\" aria-live=\"polite\" aria-atomic=\"true\"><\/p> <ul><\/ul><\/div>\n<form action=\"\/en-11\/wp-json\/wp\/v2\/pages\/578#wpcf7-f882-o1\" method=\"post\" class=\"wpcf7-form init\" aria-label=\"Formulaire de contact\" enctype=\"multipart\/form-data\" novalidate=\"novalidate\" data-status=\"init\" data-trp-original-action=\"\/en-11\/wp-json\/wp\/v2\/pages\/578#wpcf7-f882-o1\">\n<div style=\"display: none;\">\n<input type=\"hidden\" name=\"_wpcf7\" value=\"882\" \/>\n<input type=\"hidden\" name=\"_wpcf7_version\" value=\"5.8.1\" \/>\n<input type=\"hidden\" name=\"_wpcf7_locale\" value=\"fr_FR\" \/>\n<input type=\"hidden\" name=\"_wpcf7_unit_tag\" value=\"wpcf7-f882-o1\" \/>\n<input type=\"hidden\" name=\"_wpcf7_container_post\" value=\"0\" \/>\n<input type=\"hidden\" name=\"_wpcf7_posted_data_hash\" value=\"\" \/>\n<\/div>\n<p><label> Name *<br \/>\n<span class=\"wpcf7-form-control-wrap\" data-name=\"your-name\"><input size=\"40\" class=\"wpcf7-form-control wpcf7-text wpcf7-validates-as-required\" aria-required=\"true\" aria-invalid=\"false\" value=\"\" type=\"text\" name=\"your-name\" \/><\/span> <\/label>\n<\/p>\n<p><label> E-mail *<br \/>\n<span class=\"wpcf7-form-control-wrap\" data-name=\"your-email\"><input size=\"40\" class=\"wpcf7-form-control wpcf7-email wpcf7-validates-as-required wpcf7-text wpcf7-validates-as-email\" aria-required=\"true\" aria-invalid=\"false\" value=\"\" type=\"email\" name=\"your-email\" \/><\/span> <\/label>\n<\/p>\n<p><label> Object<br \/>\n<span class=\"wpcf7-form-control-wrap\" data-name=\"your-subject\"><input size=\"40\" class=\"wpcf7-form-control wpcf7-text\" aria-invalid=\"false\" value=\"\" type=\"text\" name=\"your-subject\" \/><\/span> <\/label>\n<\/p>\n<p><label> Message<br \/>\n<span class=\"wpcf7-form-control-wrap\" data-name=\"your-message\"><textarea cols=\"40\" rows=\"10\" class=\"wpcf7-form-control wpcf7-textarea\" aria-invalid=\"false\" name=\"your-message\"><\/textarea><\/span> <\/label>\n<\/p>\n<p><label> CV *<br \/>\n<span class=\"wpcf7-form-control-wrap\" data-name=\"your-cv\"><input size=\"40\" class=\"wpcf7-form-control wpcf7-file wpcf7-validates-as-required\" accept=\".pdf,.doc\" aria-required=\"true\" aria-invalid=\"false\" type=\"file\" name=\"your-cv\" \/><\/span><\/label>\n<\/p>\n<p><label> Cover letter *<br \/>\n<span class=\"wpcf7-form-control-wrap\" data-name=\"your-lettre\"><input size=\"40\" class=\"wpcf7-form-control wpcf7-file wpcf7-validates-as-required\" accept=\".pdf,.doc\" aria-required=\"true\" aria-invalid=\"false\" type=\"file\" name=\"your-lettre\" \/><\/span><\/label>\n<\/p>\n<p><span class=\"wpcf7-form-control-wrap\" data-name=\"acceptance-212\"><span class=\"wpcf7-form-control wpcf7-acceptance\"><span class=\"wpcf7-list-item\"><input type=\"checkbox\" name=\"acceptance-212\" value=\"1\" aria-invalid=\"false\" \/><\/span><\/span><\/span> I have read and agree to the <a href=\"https:\/\/backup.epega.ma\/en-11\/conditions-generales-dutilisation\/\" target=\"_blank\">terms and conditions of use,<\/a> including the privacy notice.\n<\/p>\n<div class=\"wpcf7-response-output\" aria-hidden=\"true\"><\/div>\n<p><input class=\"wpcf7-form-control wpcf7-submit has-spinner\" type=\"submit\" value=\"Send\" \/>\n<\/p>\n<input type=\"hidden\" name=\"trp-form-language\" value=\"en-11\"\/><\/form>\n<\/div>\n\n\n\t\t<\/div>\n\t<\/div>\n<div class=\"vc_empty_space\"   style=\"height: 4em\" ><span class=\"vc_empty_space_inner\"><\/span><\/div>\n<\/div><\/div><\/div><\/div>","protected":false},"excerpt":{"rendered":"EPEGA est toujours \u00e0 la recherche de nouveaux talents : un premier emploi ou confirm\u00e9 dans votre sp\u00e9cialit\u00e9, vous envisagez de rejoindre nos \u00e9quipes N'h\u00e9sitez pas \u00e0 nous adresser votre candidature spontan\u00e9e : Votre nom * Votre e-mail * Sujet Votre message CV * Lettre de motivation * J\u2019ai lu et j\u2019accepte les conditions g\u00e9n\u00e9rales [...]","protected":false},"author":1,"featured_media":0,"parent":0,"menu_order":0,"comment_status":"closed","ping_status":"closed","template":"","meta":[],"aioseo_notices":[],"yoast_head":"<!-- This site is optimized with the Yoast SEO plugin v21.2 - https:\/\/yoast.com\/wordpress\/plugins\/seo\/ -->\n<title>CANDIDATURE SPONTANEE - EPEGA Assurances<\/title>\n<meta name=\"robots\" content=\"index, follow, max-snippet:-1, max-image-preview:large, max-video-preview:-1\" \/>\n<link rel=\"canonical\" href=\"https:\/\/www.epega.ma\/candidature_spontanee\/\" \/>\n<meta property=\"og:locale\" content=\"en_GB\" \/>\n<meta property=\"og:type\" content=\"article\" \/>\n<meta property=\"og:title\" content=\"CANDIDATURE SPONTANEE - EPEGA Assurances\" \/>\n<meta property=\"og:url\" content=\"https:\/\/www.epega.ma\/candidature_spontanee\/\" \/>\n<meta property=\"og:site_name\" content=\"EPEGA Assurances\" \/>\n<meta property=\"article:modified_time\" content=\"2023-09-15T14:01:52+00:00\" \/>\n<meta name=\"twitter:card\" content=\"summary_large_image\" \/>\n<meta name=\"twitter:label1\" content=\"Estimated reading time\" \/>\n\t<meta name=\"twitter:data1\" content=\"1 minute\" \/>\n<script type=\"application\/ld+json\" class=\"yoast-schema-graph\">{\"@context\":\"https:\/\/schema.org\",\"@graph\":[{\"@type\":\"WebPage\",\"@id\":\"https:\/\/www.epega.ma\/candidature_spontanee\/\",\"url\":\"https:\/\/www.epega.ma\/candidature_spontanee\/\",\"name\":\"CANDIDATURE SPONTANEE - EPEGA Assurances\",\"isPartOf\":{\"@id\":\"https:\/\/www.epega.ma\/#website\"},\"datePublished\":\"2018-08-13T10:17:50+00:00\",\"dateModified\":\"2023-09-15T14:01:52+00:00\",\"breadcrumb\":{\"@id\":\"https:\/\/www.epega.ma\/candidature_spontanee\/#breadcrumb\"},\"inLanguage\":\"en-GB\",\"potentialAction\":[{\"@type\":\"ReadAction\",\"target\":[\"https:\/\/www.epega.ma\/candidature_spontanee\/\"]}]},{\"@type\":\"BreadcrumbList\",\"@id\":\"https:\/\/www.epega.ma\/candidature_spontanee\/#breadcrumb\",\"itemListElement\":[{\"@type\":\"ListItem\",\"position\":1,\"name\":\"Home\",\"item\":\"https:\/\/www.epega.ma\/\"},{\"@type\":\"ListItem\",\"position\":2,\"name\":\"CANDIDATURE SPONTANEE\"}]},{\"@type\":\"WebSite\",\"@id\":\"https:\/\/www.epega.ma\/#website\",\"url\":\"https:\/\/www.epega.ma\/\",\"name\":\"EPEGA Assurances\",\"description\":\"Courtier d&#039;assurances \u00e0 Casablanca\",\"potentialAction\":[{\"@type\":\"SearchAction\",\"target\":{\"@type\":\"EntryPoint\",\"urlTemplate\":\"https:\/\/www.epega.ma\/?s={search_term_string}\"},\"query-input\":\"required name=search_term_string\"}],\"inLanguage\":\"en-GB\"}]}<\/script>\n<!-- \/ Yoast SEO plugin. -->","yoast_head_json":{"title":"CANDIDATURE SPONTANEE - EPEGA Assurances","robots":{"index":"index","follow":"follow","max-snippet":"max-snippet:-1","max-image-preview":"max-image-preview:large","max-video-preview":"max-video-preview:-1"},"canonical":"https:\/\/www.epega.ma\/candidature_spontanee\/","og_locale":"en_GB","og_type":"article","og_title":"CANDIDATURE SPONTANEE - EPEGA Assurances","og_url":"https:\/\/www.epega.ma\/candidature_spontanee\/","og_site_name":"EPEGA Assurances","article_modified_time":"2023-09-15T14:01:52+00:00","twitter_card":"summary_large_image","twitter_misc":{"Estimated reading time":"1 minute"},"schema":{"@context":"https:\/\/schema.org","@graph":[{"@type":"WebPage","@id":"https:\/\/www.epega.ma\/candidature_spontanee\/","url":"https:\/\/www.epega.ma\/candidature_spontanee\/","name":"CANDIDATURE SPONTANEE - EPEGA Assurances","isPartOf":{"@id":"https:\/\/www.epega.ma\/#website"},"datePublished":"2018-08-13T10:17:50+00:00","dateModified":"2023-09-15T14:01:52+00:00","breadcrumb":{"@id":"https:\/\/www.epega.ma\/candidature_spontanee\/#breadcrumb"},"inLanguage":"en-GB","potentialAction":[{"@type":"ReadAction","target":["https:\/\/www.epega.ma\/candidature_spontanee\/"]}]},{"@type":"BreadcrumbList","@id":"https:\/\/www.epega.ma\/candidature_spontanee\/#breadcrumb","itemListElement":[{"@type":"ListItem","position":1,"name":"Home","item":"https:\/\/www.epega.ma\/"},{"@type":"ListItem","position":2,"name":"CANDIDATURE SPONTANEE"}]},{"@type":"WebSite","@id":"https:\/\/www.epega.ma\/#website","url":"https:\/\/www.epega.ma\/","name":"EPEGA Assurances","description":"Courtier d&#039;assurances \u00e0 Casablanca","potentialAction":[{"@type":"SearchAction","target":{"@type":"EntryPoint","urlTemplate":"https:\/\/www.epega.ma\/?s={search_term_string}"},"query-input":"required name=search_term_string"}],"inLanguage":"en-GB"}]}},"_links":{"self":[{"href":"https:\/\/backup.epega.ma\/en-11\/wp-json\/wp\/v2\/pages\/578"}],"collection":[{"href":"https:\/\/backup.epega.ma\/en-11\/wp-json\/wp\/v2\/pages"}],"about":[{"href":"https:\/\/backup.epega.ma\/en-11\/wp-json\/wp\/v2\/types\/page"}],"author":[{"embeddable":true,"href":"https:\/\/backup.epega.ma\/en-11\/wp-json\/wp\/v2\/users\/1"}],"replies":[{"embeddable":true,"href":"https:\/\/backup.epega.ma\/en-11\/wp-json\/wp\/v2\/comments?post=578"}],"version-history":[{"count":7,"href":"https:\/\/backup.epega.ma\/en-11\/wp-json\/wp\/v2\/pages\/578\/revisions"}],"predecessor-version":[{"id":1707,"href":"https:\/\/backup.epega.ma\/en-11\/wp-json\/wp\/v2\/pages\/578\/revisions\/1707"}],"wp:attachment":[{"href":"https:\/\/backup.epega.ma\/en-11\/wp-json\/wp\/v2\/media?parent=578"}],"curies":[{"name":"wp","href":"https:\/\/api.w.org\/{rel}","templated":true}]}}