{"id":1952,"date":"2023-09-15T16:24:58","date_gmt":"2023-09-15T14:24:58","guid":{"rendered":"https:\/\/www.epega.ma\/?page_id=1952"},"modified":"2023-09-15T16:35:43","modified_gmt":"2023-09-15T14:35:43","slug":"conditions-generales-dutilisation","status":"publish","type":"page","link":"https:\/\/backup.epega.ma\/en-11\/conditions-generales-dutilisation\/","title":{"rendered":"Conditions g\u00e9n\u00e9rales d\u2019utilisation"},"content":{"rendered":"<h5><strong>MENTIONS OBLIGATOIRES RELATIVES \u00c0 L\u2019ESPACE CANDIDAT<\/strong><\/h5>\n<p>Conform\u00e9ment \u00e0 la loi 09-08 relative \u00e0 la protection des personnes physiques \u00e0 l&rsquo;\u00e9gard du traitement<br \/>\ndes donn\u00e9es \u00e0 caract\u00e8re personnel, vous disposez d\u2019un droit d\u2019acc\u00e8s, de rectification et d\u2019opposition au<br \/>\ntraitement de vos donn\u00e9es personnelles. Ce traitement a \u00e9t\u00e9 autoris\u00e9 par la CNDP sous le num\u00e9ro A-RH-554\/2022.<\/p>\n<p>&nbsp;<\/p>","protected":false},"excerpt":{"rendered":"<p>MENTIONS OBLIGATOIRES RELATIVES \u00c0 L\u2019ESPACE CANDIDAT Conform\u00e9ment \u00e0 la loi 09-08 relative \u00e0 la protection des personnes physiques \u00e0 l&rsquo;\u00e9gard du traitement des donn\u00e9es \u00e0 caract\u00e8re personnel, vous disposez d\u2019un droit d\u2019acc\u00e8s, de rectification et d\u2019opposition au traitement de vos donn\u00e9es personnelles. Ce traitement a \u00e9t\u00e9 autoris\u00e9 par la CNDP sous le num\u00e9ro A-RH-554\/2022. &nbsp;<\/p>","protected":false},"author":6,"featured_media":0,"parent":0,"menu_order":0,"comment_status":"closed","ping_status":"closed","template":"","meta":[],"aioseo_notices":[],"yoast_head":"<!-- This site is optimized with the Yoast SEO plugin v21.2 - https:\/\/yoast.com\/wordpress\/plugins\/seo\/ -->\n<title>Conditions g\u00e9n\u00e9rales d\u2019utilisation - EPEGA Assurances<\/title>\n<meta name=\"robots\" content=\"index, follow, max-snippet:-1, max-image-preview:large, max-video-preview:-1\" \/>\n<link rel=\"canonical\" href=\"https:\/\/www.epega.ma\/conditions-generales-dutilisation\/\" \/>\n<meta property=\"og:locale\" content=\"en_GB\" \/>\n<meta property=\"og:type\" content=\"article\" \/>\n<meta property=\"og:title\" content=\"Conditions g\u00e9n\u00e9rales d\u2019utilisation - EPEGA Assurances\" \/>\n<meta property=\"og:description\" content=\"MENTIONS OBLIGATOIRES RELATIVES \u00c0 L\u2019ESPACE CANDIDAT Conform\u00e9ment \u00e0 la loi 09-08 relative \u00e0 la protection des personnes physiques \u00e0 l&rsquo;\u00e9gard du traitement des donn\u00e9es \u00e0 caract\u00e8re personnel, vous disposez d\u2019un droit d\u2019acc\u00e8s, de rectification et d\u2019opposition au traitement de vos donn\u00e9es personnelles. Ce traitement a \u00e9t\u00e9 autoris\u00e9 par la CNDP sous le num\u00e9ro A-RH-554\/2022. &nbsp;\" \/>\n<meta property=\"og:url\" content=\"https:\/\/www.epega.ma\/conditions-generales-dutilisation\/\" \/>\n<meta property=\"og:site_name\" content=\"EPEGA Assurances\" \/>\n<meta property=\"article:modified_time\" content=\"2023-09-15T14:35:43+00:00\" \/>\n<meta name=\"twitter:card\" content=\"summary_large_image\" \/>\n<script type=\"application\/ld+json\" class=\"yoast-schema-graph\">{\"@context\":\"https:\/\/schema.org\",\"@graph\":[{\"@type\":\"WebPage\",\"@id\":\"https:\/\/www.epega.ma\/conditions-generales-dutilisation\/\",\"url\":\"https:\/\/www.epega.ma\/conditions-generales-dutilisation\/\",\"name\":\"Conditions g\u00e9n\u00e9rales d\u2019utilisation - EPEGA Assurances\",\"isPartOf\":{\"@id\":\"https:\/\/www.epega.ma\/#website\"},\"datePublished\":\"2023-09-15T14:24:58+00:00\",\"dateModified\":\"2023-09-15T14:35:43+00:00\",\"breadcrumb\":{\"@id\":\"https:\/\/www.epega.ma\/conditions-generales-dutilisation\/#breadcrumb\"},\"inLanguage\":\"en-GB\",\"potentialAction\":[{\"@type\":\"ReadAction\",\"target\":[\"https:\/\/www.epega.ma\/conditions-generales-dutilisation\/\"]}]},{\"@type\":\"BreadcrumbList\",\"@id\":\"https:\/\/www.epega.ma\/conditions-generales-dutilisation\/#breadcrumb\",\"itemListElement\":[{\"@type\":\"ListItem\",\"position\":1,\"name\":\"Home\",\"item\":\"https:\/\/www.epega.ma\/\"},{\"@type\":\"ListItem\",\"position\":2,\"name\":\"Conditions g\u00e9n\u00e9rales d\u2019utilisation\"}]},{\"@type\":\"WebSite\",\"@id\":\"https:\/\/www.epega.ma\/#website\",\"url\":\"https:\/\/www.epega.ma\/\",\"name\":\"EPEGA Assurances\",\"description\":\"Courtier d&#039;assurances \u00e0 Casablanca\",\"potentialAction\":[{\"@type\":\"SearchAction\",\"target\":{\"@type\":\"EntryPoint\",\"urlTemplate\":\"https:\/\/www.epega.ma\/?s={search_term_string}\"},\"query-input\":\"required name=search_term_string\"}],\"inLanguage\":\"en-GB\"}]}<\/script>\n<!-- \/ Yoast SEO plugin. -->","yoast_head_json":{"title":"Conditions g\u00e9n\u00e9rales d\u2019utilisation - EPEGA Assurances","robots":{"index":"index","follow":"follow","max-snippet":"max-snippet:-1","max-image-preview":"max-image-preview:large","max-video-preview":"max-video-preview:-1"},"canonical":"https:\/\/www.epega.ma\/conditions-generales-dutilisation\/","og_locale":"en_GB","og_type":"article","og_title":"Conditions g\u00e9n\u00e9rales d\u2019utilisation - EPEGA Assurances","og_description":"MENTIONS OBLIGATOIRES RELATIVES \u00c0 L\u2019ESPACE CANDIDAT Conform\u00e9ment \u00e0 la loi 09-08 relative \u00e0 la protection des personnes physiques \u00e0 l&rsquo;\u00e9gard du traitement des donn\u00e9es \u00e0 caract\u00e8re personnel, vous disposez d\u2019un droit d\u2019acc\u00e8s, de rectification et d\u2019opposition au traitement de vos donn\u00e9es personnelles. Ce traitement a \u00e9t\u00e9 autoris\u00e9 par la CNDP sous le num\u00e9ro A-RH-554\/2022. &nbsp;","og_url":"https:\/\/www.epega.ma\/conditions-generales-dutilisation\/","og_site_name":"EPEGA Assurances","article_modified_time":"2023-09-15T14:35:43+00:00","twitter_card":"summary_large_image","schema":{"@context":"https:\/\/schema.org","@graph":[{"@type":"WebPage","@id":"https:\/\/www.epega.ma\/conditions-generales-dutilisation\/","url":"https:\/\/www.epega.ma\/conditions-generales-dutilisation\/","name":"Conditions g\u00e9n\u00e9rales d\u2019utilisation - EPEGA Assurances","isPartOf":{"@id":"https:\/\/www.epega.ma\/#website"},"datePublished":"2023-09-15T14:24:58+00:00","dateModified":"2023-09-15T14:35:43+00:00","breadcrumb":{"@id":"https:\/\/www.epega.ma\/conditions-generales-dutilisation\/#breadcrumb"},"inLanguage":"en-GB","potentialAction":[{"@type":"ReadAction","target":["https:\/\/www.epega.ma\/conditions-generales-dutilisation\/"]}]},{"@type":"BreadcrumbList","@id":"https:\/\/www.epega.ma\/conditions-generales-dutilisation\/#breadcrumb","itemListElement":[{"@type":"ListItem","position":1,"name":"Home","item":"https:\/\/www.epega.ma\/"},{"@type":"ListItem","position":2,"name":"Conditions g\u00e9n\u00e9rales d\u2019utilisation"}]},{"@type":"WebSite","@id":"https:\/\/www.epega.ma\/#website","url":"https:\/\/www.epega.ma\/","name":"EPEGA Assurances","description":"Courtier d&#039;assurances \u00e0 Casablanca","potentialAction":[{"@type":"SearchAction","target":{"@type":"EntryPoint","urlTemplate":"https:\/\/www.epega.ma\/?s={search_term_string}"},"query-input":"required name=search_term_string"}],"inLanguage":"en-GB"}]}},"_links":{"self":[{"href":"https:\/\/backup.epega.ma\/en-11\/wp-json\/wp\/v2\/pages\/1952"}],"collection":[{"href":"https:\/\/backup.epega.ma\/en-11\/wp-json\/wp\/v2\/pages"}],"about":[{"href":"https:\/\/backup.epega.ma\/en-11\/wp-json\/wp\/v2\/types\/page"}],"author":[{"embeddable":true,"href":"https:\/\/backup.epega.ma\/en-11\/wp-json\/wp\/v2\/users\/6"}],"replies":[{"embeddable":true,"href":"https:\/\/backup.epega.ma\/en-11\/wp-json\/wp\/v2\/comments?post=1952"}],"version-history":[{"count":4,"href":"https:\/\/backup.epega.ma\/en-11\/wp-json\/wp\/v2\/pages\/1952\/revisions"}],"predecessor-version":[{"id":1956,"href":"https:\/\/backup.epega.ma\/en-11\/wp-json\/wp\/v2\/pages\/1952\/revisions\/1956"}],"wp:attachment":[{"href":"https:\/\/backup.epega.ma\/en-11\/wp-json\/wp\/v2\/media?parent=1952"}],"curies":[{"name":"wp","href":"https:\/\/api.w.org\/{rel}","templated":true}]}}