{"id":154,"date":"2016-10-06T08:23:19","date_gmt":"2016-10-06T06:23:19","guid":{"rendered":"http:\/\/wigaming.net\/demos\/epega1\/?page_id=154"},"modified":"2020-05-15T16:07:11","modified_gmt":"2020-05-15T14:07:11","slug":"blog-2","status":"publish","type":"page","link":"https:\/\/backup.epega.ma\/en-11\/blog-2\/","title":{"rendered":"BLOG"},"content":{"rendered":"<div class=\"vc_row wpb_row vc_row-fluid\"><div class=\"wpb_column vc_column_container vc_col-sm-12\"><div class=\"vc_column-inner\"><div class=\"wpb_wrapper\"><div id=\"sc_blogger_602592263\" class=\"sc_blogger layout_masonry_3 template_masonry  sc_blogger_horizontal no_description\"><div class=\"isotope_wrap\" data-columns=\"3\">\t\t<div class=\"isotope_item isotope_item_masonry isotope_item_masonry_3 isotope_column_3\">\n\t\t\t<div class=\"post_item post_item_masonry post_item_masonry_3\t\t\t\t  post_format_standard odd\">\n\t\t\t\t\n\t\t\t\t\t\t\t\t\t<div class=\"post_featured\">\n\t\t\t\t\t\t\t<div class=\"post_thumb\" data-image=\"https:\/\/backup.epega.ma\/wp-content\/uploads\/2020\/03\/Couverture-PE-COVID19.jpg\" data-title=\"Couverture perte d&rsquo;exploitation (PE) dans le contexte COVID19\">\n\t<a class=\"hover_icon hover_icon_link\" href=\"https:\/\/backup.epega.ma\/en-11\/couverture-perte-dexploitation-pe-dans-le-contexte-covid19\/\"><img class=\"wp-post-image\" width=\"740\" height=\"1047\" alt=\"Couverture perte d&rsquo;exploitation (PE) dans le contexte COVID19\" src=\"https:\/\/backup.epega.ma\/wp-content\/uploads\/2020\/03\/Couverture-PE-COVID19-740x1047.jpg\"><\/a>\t<\/div>\n\t\t\t\t\t\t<\/div>\n\t\t\t\t\n\t\t\t\t<div class=\"post_content isotope_item_content\">\n\t\t\t\t\t\n\t\t\t\t\t\t\t\t\t\t\t\t<h5 class=\"post_title\"><a href=\"https:\/\/backup.epega.ma\/en-11\/couverture-perte-dexploitation-pe-dans-le-contexte-covid19\/\">Operating loss (PE) coverage in the COVID 19 context<\/a><\/h5>\n\t\t\t\t\t\t\t<div class=\"post_info\">\n\t\t\t\t<span class=\"post_info_item post_info_posted\"> <a href=\"https:\/\/backup.epega.ma\/en-11\/couverture-perte-dexploitation-pe-dans-le-contexte-covid19\/\" class=\"post_info_date\">31 March 2020<\/a><\/span>\n\t\t\t<\/div>\n\t\t\t\t\t<div class=\"post_descr\">\n\t\t\t\t\t\t<p><\/p><a href=\"https:\/\/backup.epega.ma\/en-11\/couverture-perte-dexploitation-pe-dans-le-contexte-covid19\/\" class=\"post_readmore\"><span class=\"post_readmore_label\">Read more<\/span><\/a>\t\t\t\t\t<\/div>\n\n\t\t\t\t<\/div>\t\t\t\t<!-- \/.post_content -->\n\t\t\t<\/div>\t<!-- \/.post_item -->\n\t\t<\/div>\t\t\t\t\t\t<!-- \/.isotope_item -->\n\t\t\t\t<div class=\"isotope_item isotope_item_masonry isotope_item_masonry_3 isotope_column_3\">\n\t\t\t<div class=\"post_item post_item_masonry post_item_masonry_3\t\t\t\t  post_format_standard even\">\n\t\t\t\t\n\t\t\t\t\t\t\t\t\t<div class=\"post_featured\">\n\t\t\t\t\t\t\t<div class=\"post_thumb\" data-image=\"https:\/\/backup.epega.ma\/wp-content\/uploads\/2019\/12\/avantage.jpg\" data-title=\"Quels sont les avantages de recourir aux services  d\u2019un courtier d\u2019assurances ?\">\n\t<a class=\"hover_icon hover_icon_link\" href=\"https:\/\/backup.epega.ma\/en-11\/quels-sont-les-avantages-de-recourir-aux-services-dun-courtier-dassurances\/\"><img class=\"wp-post-image\" width=\"740\" height=\"494\" alt=\"Quels sont les avantages de recourir aux services  d\u2019un courtier d\u2019assurances ?\" src=\"https:\/\/backup.epega.ma\/wp-content\/uploads\/2019\/12\/avantage-740x494.jpg\"><\/a>\t<\/div>\n\t\t\t\t\t\t<\/div>\n\t\t\t\t\n\t\t\t\t<div class=\"post_content isotope_item_content\">\n\t\t\t\t\t\n\t\t\t\t\t\t\t\t\t\t\t\t<h5 class=\"post_title\"><a href=\"https:\/\/backup.epega.ma\/en-11\/quels-sont-les-avantages-de-recourir-aux-services-dun-courtier-dassurances\/\">What are the benefits of using an insurance broker?<\/a><\/h5>\n\t\t\t\t\t\t\t<div class=\"post_info\">\n\t\t\t\t<span class=\"post_info_item post_info_posted\"> <a href=\"https:\/\/backup.epega.ma\/en-11\/quels-sont-les-avantages-de-recourir-aux-services-dun-courtier-dassurances\/\" class=\"post_info_date\">5 December 2019<\/a><\/span>\n\t\t\t<\/div>\n\t\t\t\t\t<div class=\"post_descr\">\n\t\t\t\t\t\t<p><\/p><a href=\"https:\/\/backup.epega.ma\/en-11\/quels-sont-les-avantages-de-recourir-aux-services-dun-courtier-dassurances\/\" class=\"post_readmore\"><span class=\"post_readmore_label\">Read more<\/span><\/a>\t\t\t\t\t<\/div>\n\n\t\t\t\t<\/div>\t\t\t\t<!-- \/.post_content -->\n\t\t\t<\/div>\t<!-- \/.post_item -->\n\t\t<\/div>\t\t\t\t\t\t<!-- \/.isotope_item -->\n\t\t\t\t<div class=\"isotope_item isotope_item_masonry isotope_item_masonry_3 isotope_column_3\">\n\t\t\t<div class=\"post_item post_item_masonry post_item_masonry_3\t\t\t\t  post_format_standard odd last\">\n\t\t\t\t\n\t\t\t\t\t\t\t\t\t<div class=\"post_featured\">\n\t\t\t\t\t\t\t<div class=\"post_thumb\" data-image=\"https:\/\/backup.epega.ma\/wp-content\/uploads\/2019\/12\/assuranceee.jpg\" data-title=\"Qu\u2019est-ce qu\u2019un courtier en assurances ?\">\n\t<a class=\"hover_icon hover_icon_link\" href=\"https:\/\/backup.epega.ma\/en-11\/quest-ce-quun-courtier-en-assurances\/\"><img class=\"wp-post-image\" width=\"740\" height=\"494\" alt=\"Qu\u2019est-ce qu\u2019un courtier en assurances ?\" src=\"https:\/\/backup.epega.ma\/wp-content\/uploads\/2019\/12\/assuranceee-740x494.jpg\"><\/a>\t<\/div>\n\t\t\t\t\t\t<\/div>\n\t\t\t\t\n\t\t\t\t<div class=\"post_content isotope_item_content\">\n\t\t\t\t\t\n\t\t\t\t\t\t\t\t\t\t\t\t<h5 class=\"post_title\"><a href=\"https:\/\/backup.epega.ma\/en-11\/quest-ce-quun-courtier-en-assurances\/\">What is an insurance broker?<\/a><\/h5>\n\t\t\t\t\t\t\t<div class=\"post_info\">\n\t\t\t\t<span class=\"post_info_item post_info_posted\"> <a href=\"https:\/\/backup.epega.ma\/en-11\/quest-ce-quun-courtier-en-assurances\/\" class=\"post_info_date\">5 December 2019<\/a><\/span>\n\t\t\t<\/div>\n\t\t\t\t\t<div class=\"post_descr\">\n\t\t\t\t\t\t<p><\/p><a href=\"https:\/\/backup.epega.ma\/en-11\/quest-ce-quun-courtier-en-assurances\/\" class=\"post_readmore\"><span class=\"post_readmore_label\">Read more<\/span><\/a>\t\t\t\t\t<\/div>\n\n\t\t\t\t<\/div>\t\t\t\t<!-- \/.post_content -->\n\t\t\t<\/div>\t<!-- \/.post_item -->\n\t\t<\/div>\t\t\t\t\t\t<!-- \/.isotope_item -->\n\t\t<\/div><\/div><\/div><\/div><\/div><\/div>","protected":false},"excerpt":{"rendered":"La profession d\u2019interm\u00e9diaire d\u2019assurances ob\u00e9it \u00e0 des r\u00e8gles et obligations r\u00e9gie par la loi 17-99 portant code des assurances. Le courtier d\u2019assurances est un interm\u00e9diaire d\u2019assurances mandat\u00e9 par son client pour n\u00e9gocier et placer le ou les contrats d\u2019assurances dont il aurait besoin. L\u2019avantage pour un client de passer par un courtier est la possibilit\u00e9 [...]","protected":false},"author":1,"featured_media":0,"parent":0,"menu_order":0,"comment_status":"closed","ping_status":"closed","template":"","meta":[],"aioseo_notices":[],"yoast_head":"<!-- This site is optimized with the Yoast SEO plugin v21.2 - https:\/\/yoast.com\/wordpress\/plugins\/seo\/ -->\n<title>BLOG - EPEGA Assurances<\/title>\n<meta name=\"robots\" content=\"index, follow, max-snippet:-1, max-image-preview:large, max-video-preview:-1\" \/>\n<link rel=\"canonical\" href=\"https:\/\/www.epega.ma\/blog-2\/\" \/>\n<meta property=\"og:locale\" content=\"en_GB\" \/>\n<meta property=\"og:type\" content=\"article\" \/>\n<meta property=\"og:title\" content=\"BLOG - EPEGA Assurances\" \/>\n<meta property=\"og:url\" content=\"https:\/\/www.epega.ma\/blog-2\/\" \/>\n<meta property=\"og:site_name\" content=\"EPEGA Assurances\" \/>\n<meta property=\"article:modified_time\" content=\"2020-05-15T14:07:11+00:00\" \/>\n<meta name=\"twitter:card\" content=\"summary_large_image\" \/>\n<script type=\"application\/ld+json\" class=\"yoast-schema-graph\">{\"@context\":\"https:\/\/schema.org\",\"@graph\":[{\"@type\":\"WebPage\",\"@id\":\"https:\/\/www.epega.ma\/blog-2\/\",\"url\":\"https:\/\/www.epega.ma\/blog-2\/\",\"name\":\"BLOG - EPEGA Assurances\",\"isPartOf\":{\"@id\":\"https:\/\/www.epega.ma\/#website\"},\"datePublished\":\"2016-10-06T06:23:19+00:00\",\"dateModified\":\"2020-05-15T14:07:11+00:00\",\"breadcrumb\":{\"@id\":\"https:\/\/www.epega.ma\/blog-2\/#breadcrumb\"},\"inLanguage\":\"en-GB\",\"potentialAction\":[{\"@type\":\"ReadAction\",\"target\":[\"https:\/\/www.epega.ma\/blog-2\/\"]}]},{\"@type\":\"BreadcrumbList\",\"@id\":\"https:\/\/www.epega.ma\/blog-2\/#breadcrumb\",\"itemListElement\":[{\"@type\":\"ListItem\",\"position\":1,\"name\":\"Home\",\"item\":\"https:\/\/www.epega.ma\/\"},{\"@type\":\"ListItem\",\"position\":2,\"name\":\"BLOG\"}]},{\"@type\":\"WebSite\",\"@id\":\"https:\/\/www.epega.ma\/#website\",\"url\":\"https:\/\/www.epega.ma\/\",\"name\":\"EPEGA Assurances\",\"description\":\"Courtier d&#039;assurances \u00e0 Casablanca\",\"potentialAction\":[{\"@type\":\"SearchAction\",\"target\":{\"@type\":\"EntryPoint\",\"urlTemplate\":\"https:\/\/www.epega.ma\/?s={search_term_string}\"},\"query-input\":\"required name=search_term_string\"}],\"inLanguage\":\"en-GB\"}]}<\/script>\n<!-- \/ Yoast SEO plugin. -->","yoast_head_json":{"title":"BLOG - EPEGA Assurances","robots":{"index":"index","follow":"follow","max-snippet":"max-snippet:-1","max-image-preview":"max-image-preview:large","max-video-preview":"max-video-preview:-1"},"canonical":"https:\/\/www.epega.ma\/blog-2\/","og_locale":"en_GB","og_type":"article","og_title":"BLOG - EPEGA Assurances","og_url":"https:\/\/www.epega.ma\/blog-2\/","og_site_name":"EPEGA Assurances","article_modified_time":"2020-05-15T14:07:11+00:00","twitter_card":"summary_large_image","schema":{"@context":"https:\/\/schema.org","@graph":[{"@type":"WebPage","@id":"https:\/\/www.epega.ma\/blog-2\/","url":"https:\/\/www.epega.ma\/blog-2\/","name":"BLOG - EPEGA Assurances","isPartOf":{"@id":"https:\/\/www.epega.ma\/#website"},"datePublished":"2016-10-06T06:23:19+00:00","dateModified":"2020-05-15T14:07:11+00:00","breadcrumb":{"@id":"https:\/\/www.epega.ma\/blog-2\/#breadcrumb"},"inLanguage":"en-GB","potentialAction":[{"@type":"ReadAction","target":["https:\/\/www.epega.ma\/blog-2\/"]}]},{"@type":"BreadcrumbList","@id":"https:\/\/www.epega.ma\/blog-2\/#breadcrumb","itemListElement":[{"@type":"ListItem","position":1,"name":"Home","item":"https:\/\/www.epega.ma\/"},{"@type":"ListItem","position":2,"name":"BLOG"}]},{"@type":"WebSite","@id":"https:\/\/www.epega.ma\/#website","url":"https:\/\/www.epega.ma\/","name":"EPEGA Assurances","description":"Courtier d&#039;assurances \u00e0 Casablanca","potentialAction":[{"@type":"SearchAction","target":{"@type":"EntryPoint","urlTemplate":"https:\/\/www.epega.ma\/?s={search_term_string}"},"query-input":"required name=search_term_string"}],"inLanguage":"en-GB"}]}},"_links":{"self":[{"href":"https:\/\/backup.epega.ma\/en-11\/wp-json\/wp\/v2\/pages\/154"}],"collection":[{"href":"https:\/\/backup.epega.ma\/en-11\/wp-json\/wp\/v2\/pages"}],"about":[{"href":"https:\/\/backup.epega.ma\/en-11\/wp-json\/wp\/v2\/types\/page"}],"author":[{"embeddable":true,"href":"https:\/\/backup.epega.ma\/en-11\/wp-json\/wp\/v2\/users\/1"}],"replies":[{"embeddable":true,"href":"https:\/\/backup.epega.ma\/en-11\/wp-json\/wp\/v2\/comments?post=154"}],"version-history":[{"count":4,"href":"https:\/\/backup.epega.ma\/en-11\/wp-json\/wp\/v2\/pages\/154\/revisions"}],"predecessor-version":[{"id":1704,"href":"https:\/\/backup.epega.ma\/en-11\/wp-json\/wp\/v2\/pages\/154\/revisions\/1704"}],"wp:attachment":[{"href":"https:\/\/backup.epega.ma\/en-11\/wp-json\/wp\/v2\/media?parent=154"}],"curies":[{"name":"wp","href":"https:\/\/api.w.org\/{rel}","templated":true}]}}